{"id":6743,"date":"2018-07-22T20:40:14","date_gmt":"2018-07-22T18:40:14","guid":{"rendered":"https:\/\/guiderino.com\/?page_id=6743"},"modified":"2024-07-11T10:07:20","modified_gmt":"2024-07-11T08:07:20","slug":"about-me","status":"publish","type":"page","link":"https:\/\/guiderino.com\/en\/about-me\/","title":{"rendered":"About me"},"content":{"rendered":"<\/div><\/div><\/div><!-- close content main div --><\/div><\/div><div id='full_slider_1' class='avia-fullwidth-slider main_color avia-shadow  container_wrap sidebar_right'   ><div  data-size='featured'  data-lightbox_size='large'  data-animation='fade'  data-ids='4402,4415,4563,4401'  data-video_counter='0'  data-autoplay='true'  data-bg_slider='false'  data-slide_height=''  data-handle='av_slideshow_full'  data-interval='6'  data-class=' '  data-css_id=''  data-scroll_down=''  data-control_layout='av-control-default'  data-custom_markup=''  data-perma_caption=''  data-autoplay_stopper=''  data-image_attachment=''  data-min_height='0px'  data-src=''  data-position='top left'  data-repeat='no-repeat'  data-attach='scroll'  data-stretch=''  data-default-height='28.666666666667'  class='avia-slideshow avia-slideshow-1  av-control-default av-default-height-applied avia-slideshow-featured av_slideshow_full   avia-fade-slider '  itemscope=\"itemscope\" itemtype=\"https:\/\/schema.org\/ImageObject\" ><ul class='avia-slideshow-inner' style='padding-bottom: 28.666666666667%;'><li  class=' slide-1 ' ><div data-rel='slideshow-1' class='avia-slide-wrap'  ><img src='https:\/\/guiderino.com\/wp-content\/uploads\/2017\/07\/Landschaft_Nyberg1-1-1500x430.jpg' width='1500' height='430' title='Micke Nyberg Landschaft' alt=''  itemprop=\"thumbnailUrl\"   \/><\/div><\/li><li  class=' slide-2 ' ><div data-rel='slideshow-1' class='avia-slide-wrap'  ><img src='https:\/\/guiderino.com\/wp-content\/uploads\/2017\/07\/Landschaft_Christof-Menz8_zuschnitt-1500x430.jpg' width='1500' height='430' title='Landschaft_Christof Menz#8_zuschnitt' alt=''  itemprop=\"thumbnailUrl\"   \/><\/div><\/li><\/ul><div class='avia-slideshow-arrows avia-slideshow-controls'><a href='#prev' class='prev-slide' aria-hidden='true' data-av_icon='\ue87c' data-av_iconfont='entypo-fontello'>Previous<\/a><a href='#next' class='next-slide' aria-hidden='true' data-av_icon='\ue87d' data-av_iconfont='entypo-fontello'>Next<\/a><\/div><div class='avia-slideshow-dots avia-slideshow-controls'><a href='#1' class='goto-slide active' >1<\/a><a href='#2' class='goto-slide ' >2<\/a><\/div><\/div><\/div>\n<section class=\"av_textblock_section\"  itemscope=\"itemscope\" itemtype=\"https:\/\/schema.org\/CreativeWork\" ><div class='avia_textblock '   itemprop=\"text\" ><h4><span id=\"result_box\" lang=\"en\"><span title=\"\u00dcber mich &amp; die Seite. \">About me &amp; the page.<\/span><\/span><\/h4>\n<p><span id=\"result_box\" lang=\"en\"><span title=\"\u00dcber mich &amp; die Seite. \"><br \/>\n<\/span><span title=\"Hallo zusammen, mein Name ist Stephan Echterling und ich bin leidenschaftlicher Raubfischangler.\">Hello everybody, my name is Stephan Echterling and I am a passionate predator angler. <\/span><span title=\"Verheiratet, 2 M\u00e4dchen, Dipl.-Ing und 1979 geboren. \">Married, 2 girls, Dipl.-Ing and born 1979.<\/span><\/span><\/p>\n<p><span title=\"Ich habe diese Seite im Oktober 2017 online gestellt und wie ihr bestimmt schon gemerkt habt, liegt noch eine Menge arbeit vor mir.\">I put this page online in October 2017 and as you may have noticed, there is still a lot of work to do. <\/span><span title=\"Ich habe aber schon gute Fortschritte gemacht und bin hoch motiviert, diese Seite weiter aus zu bauen. \">But I have already made good progress and am highly motivated to build this site further.<\/span><\/p>\n<h6><span id=\"result_box\" lang=\"en\"><span title=\"Ich habe aber schon gute Fortschritte gemacht und bin hoch motiviert, diese Seite weiter aus zu bauen. \"><br \/>\n<\/span><span title=\"Warum gibt es diese Seite? \">Why is this page?<\/span><\/span><\/h6>\n<p><span id=\"result_box\" lang=\"en\"><span title=\"Warum gibt es diese Seite? \"><br \/>\n<\/span><span title=\"Meine letzten beiden Schweden Urlaube, waren sehr sch\u00f6n, aber was den Fangerfolg anging \">My last two Sweden holidays were very nice, but as far as the catch was concerned &#8220;underground&#8221;! <\/span><span title=\"Nach 3 Tagen in Schweden hatten wir zu zweit nicht mal einen Biss gehabt.\">After 3 days in Sweden we did not even have a bite for two. <\/span><span title=\"Wir waren nach dem 2. Tag schon am Boden zerst\u00f6rt und am 3. Tag h\u00e4tten wir alles gemacht um endlich Erfolg zu haben! \">We were already devastated after the second day and on the third day we would have done everything to finally succeed!<\/span><\/span><\/p>\n<p><span title=\"Ein Angelguide musste her, soviel stand fest!\">A fishing guide had to come, that&#8217;s for sure! <\/span><span title=\"Aber wer Guidet dieses Gew\u00e4sser?\">But who guides this waters? <\/span><span title=\"Google sagt keiner.... Sch...ade!\">Google says no &#8230;. Sch &#8230; ade! <\/span><span title=\"Dann halt ein Guide in der N\u00e4he finden oder das n\u00e4chste Gew\u00e4sser was Geguidet wird.\">Then just find a guide nearby or the next body of water. <\/span><span title=\"Tcha... und da f\u00e4ngt das Problem an.\">Tcha &#8230; and that&#8217;s where the problem starts. <\/span><span title=\"So etwas gibt es nicht, nicht in Deutsch und auch nicht in Englisch. \">There is no such thing, not in German or in English.<\/span><\/p>\n<h6><span id=\"result_box\" lang=\"en\"><span title=\"So etwas gibt es nicht, nicht in Deutsch und auch nicht in Englisch. \"><br \/>\n<\/span><span title=\"Die Idee war geboren. \">The idea was born.<\/span><\/span><\/h6>\n<p><span id=\"result_box\" lang=\"en\"><span title=\"Ich wollte eine Seite erstellen, in der man schnell und einfach seinen n\u00e4chsten Angelguide finden.\">I wanted to create a page where you can quickly and easily find your next fishing guide. <\/span><span title=\"Per Umkreissuche oder auch per Filtersuche.\">By radius search or by filter search. <\/span><span title=\"Wenn man gerne mal Fliegenfischen in Alaska machen m\u00f6chte, braucht ihr jetzt nicht mehr lange suchen.\">If you want to do fly fishing in Alaska, you do not have to look far anymore. <\/span><span title=\"Hier auf Guiderino.com findet ihr alles.\">Here on Guiderino.com you will find everything. <\/span><span title=\"Ok, erwischt, noch nicht alles, aber das Angebot wird jeden Tag gr\u00f6\u00dfer .... \">Ok, not everything, but the offer gets bigger every day &#8230;.<\/span><\/span><\/p>\n<h6><span id=\"result_box\" lang=\"en\"><span title=\"Ok, erwischt, noch nicht alles, aber das Angebot wird jeden Tag gr\u00f6\u00dfer .... \"><br \/>\n<\/span><span title=\"Wie sieht das Konzept aus? \">What does the concept look like?<\/span><\/span><\/h6>\n<p><span title=\"Schnell war klar, warum nur nach Angelguides Suchen?\">It quickly became clear why only looking for fishing guides? <\/span><span title=\"Angelurlaube mit Guidings sind im kommen und nach einem Angelguiding will man vielleicht auch mal alleine mit nem Angelboot raus.\">Fishing vacations with Guidings are coming and after a fishing guide you might want to go out alone with a fishing boat. <\/span><span title=\"Also habe ich 3 Rubriken erstellt.\">So I created 3 rubrics. <\/span><span title=\"Angelguides suchen, Angelurlaube suchen und Angelboote suchen. \">Find fishing guides, fishing vacations and fishing boats.<\/span><\/p>\n<p><span title=\"Da jedes mal andere Informationen wichtig sind, gibt es 3 unterschiedliche Set Karten vor.\">Because each time different information is important, there are 3 different set cards. <\/span><span title=\"Angelguide - Angelurlaub - Angelboot. \">Fishing guide &#8211; fishing vacation &#8211; fishing boat.<\/span><\/p>\n<p><span title=\"Bei Anbietern die alles Anbieten, sind die Karten untereinander Verlinkt.\">For providers who offer everything, the cards are linked to each other. <\/span><span title=\"So bekommt ihr einen schnellen \u00dcberblick \u00fcber das Gesamte Angebot. \">So you get a quick overview of the entire offer.<\/span><\/p>\n<h6><span id=\"result_box\" lang=\"en\"><span title=\"So bekommt ihr einen schnellen \u00dcberblick \u00fcber das Gesamte Angebot. \"><br \/>\nF<\/span><span title=\"Das Beste zum Schluss. \">or last<\/span><\/span><\/h6>\n<p><span title=\"Ich w\u00fcnsche euch Viel Spa\u00df beim durchst\u00f6bern der Seite, aber noch mehr W\u00fcnsche ich euch Erfolg beim Fangen mit euren passenden Angelguides, Angelurlauben oder Angelbooten. \">I hope you enjoy browsing the site, but more I wish you success in catching with your appropriate fishing guides, fishing vacations or fishing boats.<\/span><\/p>\n<p><span title=\"Beste Gr\u00fc\u00dfe und tight lines. \">Best regards and tight lines.<\/span><\/p>\n<p><span title=\"Stephan Echterling\">Stephan Echterling<\/span><\/p>\n<\/div><\/section>\n<div  class='hr hr-default '><span class='hr-inner ' ><span class='hr-inner-style'><\/span><\/span><\/div>\n<div class=\"flex_column av_one_half  flex_column_div av-zero-column-padding first  \" style='border-radius:0px; '><span class=\"av_font_icon avia_animate_when_visible av-icon-style-border  av-no-color avia-icon-pos-center \" style=\"\"><a href='http:\/\/guiderino.com\/guide-suche\/?swoof=1&amp;product_cat=tagesguiding&amp;paged=1'   class='av-icon-char' style='font-size:40px;line-height:40px;width:40px;' aria-hidden='true' data-av_icon='\ue803' data-av_iconfont='entypo-fontello' data-avia-icon-tooltip=\"&lt;br \/&gt;\nHier k\u00f6nnt ihr \u00fcber verschiedene Filtereinstellungen, den zu euch passenden Angelguide suche.&lt;br \/&gt;\n\"><\/a><span class='av_icon_caption av-special-font'>Fishing Guides<\/span><\/span><\/div>\n<div class=\"flex_column av_one_half  flex_column_div av-zero-column-padding   \" style='border-radius:0px; '><span class=\"av_font_icon avia_animate_when_visible av-icon-style-border  av-no-color avia-icon-pos-center \" style=\"\"><a href='http:\/\/guiderino.com\/guide-suche\/?swoof=1&amp;paged=1&amp;product_cat=angelurlaub'   class='av-icon-char' style='font-size:40px;line-height:40px;width:40px;' aria-hidden='true' data-av_icon='\ue803' data-av_iconfont='entypo-fontello' data-avia-icon-tooltip=\"&lt;br \/&gt;\nHier k\u00f6nnt ihr \u00fcber verschiedene Filtereinstellungen euren passenden Angelurlaub suche.&lt;br \/&gt;\n\"><\/a><span class='av_icon_caption av-special-font'>Fishing Vacation<\/span><\/span><\/div>\n<div  class='hr hr-default '><span class='hr-inner ' ><span class='hr-inner-style'><\/span><\/span><\/div>\n\n","protected":false},"excerpt":{"rendered":"","protected":false},"author":1,"featured_media":10092,"parent":0,"menu_order":0,"comment_status":"closed","ping_status":"closed","template":"","meta":{"_monsterinsights_skip_tracking":false,"_monsterinsights_sitenote_active":false,"_monsterinsights_sitenote_note":"","_monsterinsights_sitenote_category":0,"footnotes":""},"class_list":["post-6743","page","type-page","status-publish","has-post-thumbnail","hentry"],"yoast_head":"<!-- This site is optimized with the Yoast SEO plugin v27.5 - https:\/\/yoast.com\/product\/yoast-seo-wordpress\/ -->\n<title>Fishing Trips &amp; Fishing Guides Worldwide | Search | Ratings | Infos<\/title>\n<meta name=\"description\" content=\"All INFOS summed up for Fishing Trips and Fishing Guides! Read all reviews and stop waisting money and time with bad fishing vacations. Furthermore, you can search and write reviews about your experiences and adventures you had with your Fishing Guides. Find or rate your Fishing Trips or Fishing Guide now!\" \/>\n<meta name=\"robots\" content=\"index, follow, max-snippet:-1, max-image-preview:large, max-video-preview:-1\" \/>\n<link rel=\"canonical\" href=\"https:\/\/guiderino.com\/en\/about-me\/\" \/>\n<meta property=\"og:locale\" content=\"en_US\" \/>\n<meta property=\"og:type\" content=\"article\" \/>\n<meta property=\"og:title\" content=\"Fishing Trips &amp; Fishing Guides Worldwide | Search | Ratings | Infos\" \/>\n<meta property=\"og:description\" content=\"All INFOS summed up for Fishing Trips and Fishing Guides! Read all reviews and stop waisting money and time with bad fishing vacations. Furthermore, you can search and write reviews about your experiences and adventures you had with your Fishing Guides. Find or rate your Fishing Trips or Fishing Guide now!\" \/>\n<meta property=\"og:url\" content=\"https:\/\/guiderino.com\/en\/about-me\/\" \/>\n<meta property=\"og:site_name\" content=\"Angelabenteuer nach Mass!\" \/>\n<meta property=\"article:modified_time\" content=\"2024-07-11T08:07:20+00:00\" \/>\n<meta property=\"og:image\" content=\"https:\/\/guiderino.com\/wp-content\/uploads\/2019\/11\/\u00dcber-mich.jpg\" \/>\n\t<meta property=\"og:image:width\" content=\"1000\" \/>\n\t<meta property=\"og:image:height\" content=\"751\" \/>\n\t<meta property=\"og:image:type\" content=\"image\/jpeg\" \/>\n<meta name=\"twitter:card\" content=\"summary_large_image\" \/>\n<meta name=\"twitter:label1\" content=\"Est. reading time\" \/>\n\t<meta name=\"twitter:data1\" content=\"4 minutes\" \/>\n<script type=\"application\/ld+json\" class=\"yoast-schema-graph\">{\"@context\":\"https:\\\/\\\/schema.org\",\"@graph\":[{\"@type\":\"WebPage\",\"@id\":\"https:\\\/\\\/guiderino.com\\\/en\\\/about-me\\\/\",\"url\":\"https:\\\/\\\/guiderino.com\\\/en\\\/about-me\\\/\",\"name\":\"Fishing Trips & Fishing Guides Worldwide | Search | Ratings | Infos\",\"isPartOf\":{\"@id\":\"https:\\\/\\\/guiderino.com\\\/#website\"},\"primaryImageOfPage\":{\"@id\":\"https:\\\/\\\/guiderino.com\\\/en\\\/about-me\\\/#primaryimage\"},\"image\":{\"@id\":\"https:\\\/\\\/guiderino.com\\\/en\\\/about-me\\\/#primaryimage\"},\"thumbnailUrl\":\"https:\\\/\\\/guiderino.com\\\/wp-content\\\/uploads\\\/2019\\\/11\\\/\u00dcber-mich.jpg\",\"datePublished\":\"2018-07-22T18:40:14+00:00\",\"dateModified\":\"2024-07-11T08:07:20+00:00\",\"description\":\"All INFOS summed up for Fishing Trips and Fishing Guides! Read all reviews and stop waisting money and time with bad fishing vacations. Furthermore, you can search and write reviews about your experiences and adventures you had with your Fishing Guides. Find or rate your Fishing Trips or Fishing Guide now!\",\"breadcrumb\":{\"@id\":\"https:\\\/\\\/guiderino.com\\\/en\\\/about-me\\\/#breadcrumb\"},\"inLanguage\":\"en-US\",\"potentialAction\":[{\"@type\":\"ReadAction\",\"target\":[\"https:\\\/\\\/guiderino.com\\\/en\\\/about-me\\\/\"]}]},{\"@type\":\"ImageObject\",\"inLanguage\":\"en-US\",\"@id\":\"https:\\\/\\\/guiderino.com\\\/en\\\/about-me\\\/#primaryimage\",\"url\":\"https:\\\/\\\/guiderino.com\\\/wp-content\\\/uploads\\\/2019\\\/11\\\/\u00dcber-mich.jpg\",\"contentUrl\":\"https:\\\/\\\/guiderino.com\\\/wp-content\\\/uploads\\\/2019\\\/11\\\/\u00dcber-mich.jpg\",\"width\":1000,\"height\":751,\"caption\":\"guiderno.com | Wie werde ich ein Angelguide-Pelagisch\"},{\"@type\":\"BreadcrumbList\",\"@id\":\"https:\\\/\\\/guiderino.com\\\/en\\\/about-me\\\/#breadcrumb\",\"itemListElement\":[{\"@type\":\"ListItem\",\"position\":1,\"name\":\"Startseite\",\"item\":\"https:\\\/\\\/guiderino.com\\\/en\\\/\"},{\"@type\":\"ListItem\",\"position\":2,\"name\":\"About me\"}]},{\"@type\":\"WebSite\",\"@id\":\"https:\\\/\\\/guiderino.com\\\/#website\",\"url\":\"https:\\\/\\\/guiderino.com\\\/\",\"name\":\"Angelabenteuer nach Mass!\",\"description\":\"Nicht suchen, FINDEN!\",\"potentialAction\":[{\"@type\":\"SearchAction\",\"target\":{\"@type\":\"EntryPoint\",\"urlTemplate\":\"https:\\\/\\\/guiderino.com\\\/?s={search_term_string}\"},\"query-input\":{\"@type\":\"PropertyValueSpecification\",\"valueRequired\":true,\"valueName\":\"search_term_string\"}}],\"inLanguage\":\"en-US\"}]}<\/script>\n<!-- \/ Yoast SEO plugin. -->","yoast_head_json":{"title":"Fishing Trips & Fishing Guides Worldwide | Search | Ratings | Infos","description":"All INFOS summed up for Fishing Trips and Fishing Guides! Read all reviews and stop waisting money and time with bad fishing vacations. Furthermore, you can search and write reviews about your experiences and adventures you had with your Fishing Guides. Find or rate your Fishing Trips or Fishing Guide now!","robots":{"index":"index","follow":"follow","max-snippet":"max-snippet:-1","max-image-preview":"max-image-preview:large","max-video-preview":"max-video-preview:-1"},"canonical":"https:\/\/guiderino.com\/en\/about-me\/","og_locale":"en_US","og_type":"article","og_title":"Fishing Trips & Fishing Guides Worldwide | Search | Ratings | Infos","og_description":"All INFOS summed up for Fishing Trips and Fishing Guides! Read all reviews and stop waisting money and time with bad fishing vacations. Furthermore, you can search and write reviews about your experiences and adventures you had with your Fishing Guides. Find or rate your Fishing Trips or Fishing Guide now!","og_url":"https:\/\/guiderino.com\/en\/about-me\/","og_site_name":"Angelabenteuer nach Mass!","article_modified_time":"2024-07-11T08:07:20+00:00","og_image":[{"width":1000,"height":751,"url":"https:\/\/guiderino.com\/wp-content\/uploads\/2019\/11\/\u00dcber-mich.jpg","type":"image\/jpeg"}],"twitter_card":"summary_large_image","twitter_misc":{"Est. reading time":"4 minutes"},"schema":{"@context":"https:\/\/schema.org","@graph":[{"@type":"WebPage","@id":"https:\/\/guiderino.com\/en\/about-me\/","url":"https:\/\/guiderino.com\/en\/about-me\/","name":"Fishing Trips & Fishing Guides Worldwide | Search | Ratings | Infos","isPartOf":{"@id":"https:\/\/guiderino.com\/#website"},"primaryImageOfPage":{"@id":"https:\/\/guiderino.com\/en\/about-me\/#primaryimage"},"image":{"@id":"https:\/\/guiderino.com\/en\/about-me\/#primaryimage"},"thumbnailUrl":"https:\/\/guiderino.com\/wp-content\/uploads\/2019\/11\/\u00dcber-mich.jpg","datePublished":"2018-07-22T18:40:14+00:00","dateModified":"2024-07-11T08:07:20+00:00","description":"All INFOS summed up for Fishing Trips and Fishing Guides! Read all reviews and stop waisting money and time with bad fishing vacations. Furthermore, you can search and write reviews about your experiences and adventures you had with your Fishing Guides. Find or rate your Fishing Trips or Fishing Guide now!","breadcrumb":{"@id":"https:\/\/guiderino.com\/en\/about-me\/#breadcrumb"},"inLanguage":"en-US","potentialAction":[{"@type":"ReadAction","target":["https:\/\/guiderino.com\/en\/about-me\/"]}]},{"@type":"ImageObject","inLanguage":"en-US","@id":"https:\/\/guiderino.com\/en\/about-me\/#primaryimage","url":"https:\/\/guiderino.com\/wp-content\/uploads\/2019\/11\/\u00dcber-mich.jpg","contentUrl":"https:\/\/guiderino.com\/wp-content\/uploads\/2019\/11\/\u00dcber-mich.jpg","width":1000,"height":751,"caption":"guiderno.com | Wie werde ich ein Angelguide-Pelagisch"},{"@type":"BreadcrumbList","@id":"https:\/\/guiderino.com\/en\/about-me\/#breadcrumb","itemListElement":[{"@type":"ListItem","position":1,"name":"Startseite","item":"https:\/\/guiderino.com\/en\/"},{"@type":"ListItem","position":2,"name":"About me"}]},{"@type":"WebSite","@id":"https:\/\/guiderino.com\/#website","url":"https:\/\/guiderino.com\/","name":"Angelabenteuer nach Mass!","description":"Nicht suchen, FINDEN!","potentialAction":[{"@type":"SearchAction","target":{"@type":"EntryPoint","urlTemplate":"https:\/\/guiderino.com\/?s={search_term_string}"},"query-input":{"@type":"PropertyValueSpecification","valueRequired":true,"valueName":"search_term_string"}}],"inLanguage":"en-US"}]}},"_links":{"self":[{"href":"https:\/\/guiderino.com\/en\/wp-json\/wp\/v2\/pages\/6743\/"}],"collection":[{"href":"https:\/\/guiderino.com\/en\/wp-json\/wp\/v2\/pages\/"}],"about":[{"href":"https:\/\/guiderino.com\/en\/wp-json\/wp\/v2\/types\/page\/"}],"author":[{"embeddable":true,"href":"https:\/\/guiderino.com\/en\/wp-json\/wp\/v2\/users\/1\/"}],"replies":[{"embeddable":true,"href":"https:\/\/guiderino.com\/en\/wp-json\/wp\/v2\/comments\/?post=6743"}],"version-history":[{"count":3,"href":"https:\/\/guiderino.com\/en\/wp-json\/wp\/v2\/pages\/6743\/revisions\/"}],"predecessor-version":[{"id":7415,"href":"https:\/\/guiderino.com\/en\/wp-json\/wp\/v2\/pages\/6743\/revisions\/7415\/"}],"wp:featuredmedia":[{"embeddable":true,"href":"https:\/\/guiderino.com\/en\/wp-json\/wp\/v2\/media\/10092\/"}],"wp:attachment":[{"href":"https:\/\/guiderino.com\/en\/wp-json\/wp\/v2\/media\/?parent=6743"}],"curies":[{"name":"wp","href":"https:\/\/api.w.org\/{rel}","templated":true}]}}