{"id":6872,"date":"2018-07-24T11:44:02","date_gmt":"2018-07-24T09:44:02","guid":{"rendered":"https:\/\/guiderino.com\/?page_id=6872"},"modified":"2019-11-07T11:59:24","modified_gmt":"2019-11-07T10:59:24","slug":"contact-impressum","status":"publish","type":"page","link":"https:\/\/guiderino.com\/en\/contact-impressum\/","title":{"rendered":"Contact\/Impressum\/Privacy policy"},"content":{"rendered":"<\/div><\/div><\/div><!-- close content main div --><\/div><\/div><div id='full_slider_1' class='avia-fullwidth-slider main_color avia-shadow  container_wrap sidebar_right'   ><div  data-size='featured'  data-lightbox_size='large'  data-animation='fade'  data-ids='4402,4415,4563,4401'  data-video_counter='0'  data-autoplay='true'  data-bg_slider='false'  data-slide_height=''  data-handle='av_slideshow_full'  data-interval='6'  data-class=' '  data-css_id=''  data-scroll_down=''  data-control_layout='av-control-default'  data-custom_markup=''  data-perma_caption=''  data-autoplay_stopper=''  data-image_attachment=''  data-min_height='0px'  data-src=''  data-position='top left'  data-repeat='no-repeat'  data-attach='scroll'  data-stretch=''  data-default-height='28.666666666667'  class='avia-slideshow avia-slideshow-1  av-control-default av-default-height-applied avia-slideshow-featured av_slideshow_full   avia-fade-slider '  itemscope=\"itemscope\" itemtype=\"https:\/\/schema.org\/ImageObject\" ><ul class='avia-slideshow-inner' style='padding-bottom: 28.666666666667%;'><li  class=' slide-1 ' ><div data-rel='slideshow-1' class='avia-slide-wrap'  ><img src='https:\/\/guiderino.com\/wp-content\/uploads\/2017\/07\/Landschaft_Nyberg1-1-1500x430.jpg' width='1500' height='430' title='Micke Nyberg Landschaft' alt=''  itemprop=\"thumbnailUrl\"   \/><\/div><\/li><li  class=' slide-2 ' ><div data-rel='slideshow-1' class='avia-slide-wrap'  ><img src='https:\/\/guiderino.com\/wp-content\/uploads\/2017\/07\/Landschaft_Christof-Menz8_zuschnitt-1500x430.jpg' width='1500' height='430' title='Landschaft_Christof Menz#8_zuschnitt' alt=''  itemprop=\"thumbnailUrl\"   \/><\/div><\/li><\/ul><div class='avia-slideshow-arrows avia-slideshow-controls'><a href='#prev' class='prev-slide' aria-hidden='true' data-av_icon='\ue87c' data-av_iconfont='entypo-fontello'>Previous<\/a><a href='#next' class='next-slide' aria-hidden='true' data-av_icon='\ue87d' data-av_iconfont='entypo-fontello'>Next<\/a><\/div><div class='avia-slideshow-dots avia-slideshow-controls'><a href='#1' class='goto-slide active' >1<\/a><a href='#2' class='goto-slide ' >2<\/a><\/div><\/div><\/div>\n<div class=\"flex_column av_one_full  flex_column_div av-zero-column-padding first  \" style='border-radius:0px; '><section class=\"av_textblock_section\"  itemscope=\"itemscope\" itemtype=\"https:\/\/schema.org\/CreativeWork\" ><div class='avia_textblock '   itemprop=\"text\" ><h2 data-lineheight=\"27\" data-fontsize=\"18\">Contact \/ Impressum<\/h2>\n<p>Stephan Echterling<br \/>\nSturmweg 5<br \/>\n58644 Iserlohn<\/p>\n<p>Germany<\/p>\n<p>Tel.: 0151 201 333 25<\/p>\n<p>Mail: support@guiderino.com<\/p>\n<\/div><\/section><\/div>\n<div class=\"flex_column av_one_full  flex_column_div av-zero-column-padding first  \" style='border-radius:0px; '><form action=\"https:\/\/guiderino.com\/en\/contact-impressum\/\" method=\"post\"  class=\"avia_ajax_form av-form-labels-visible   \" data-avia-form-id=\"1\" data-avia-redirect=''><fieldset><h3>Send us an e-mail<\/h3><p class=' first_form  form_element form_fullwidth' id='element_avia_1_1'><label for=\"avia_1_1\">Name <abbr class=\"required\" title=\"required\">*<\/abbr><\/label> <input name=\"avia_1_1\" class=\"text_input is_empty\" type=\"text\" id=\"avia_1_1\" value=\"\" \/><\/p><p class=' first_form  form_element form_fullwidth' id='element_avia_2_1'><label for=\"avia_2_1\">E-Mail <abbr class=\"required\" title=\"required\">*<\/abbr><\/label> <input name=\"avia_2_1\" class=\"text_input is_email\" type=\"text\" id=\"avia_2_1\" value=\"\" \/><\/p><p class=' first_form  form_element form_fullwidth' id='element_avia_3_1'><label for=\"avia_3_1\">Subject <abbr class=\"required\" title=\"required\">*<\/abbr><\/label> <input name=\"avia_3_1\" class=\"text_input is_empty\" type=\"text\" id=\"avia_3_1\" value=\"\" \/><\/p><p class=' first_form  form_element form_fullwidth av-last-visible-form-element' id='element_avia_4_1'>\t <label for=\"avia_4_1\" class=\"textare_label hidden textare_label_avia_4_1\">Message <abbr class=\"required\" title=\"required\">*<\/abbr><\/label>\t <textarea  name=\"avia_4_1\" class=\"text_area is_empty\" cols=\"40\" rows=\"7\" id=\"avia_4_1\" ><\/textarea><\/p><p class=\"hidden\"><input type=\"text\" name=\"avia_5_1\" class=\"hidden \" id=\"avia_5_1\" value=\"\" \/><\/p><p class=\"form_element \"><input type=\"hidden\" value=\"1\" name=\"avia_generated_form1\" \/><input type=\"submit\" value=\"Send\" class=\"button\"  data-sending-label=\"Sending\"\/><\/p><\/fieldset><\/form><div id=\"ajaxresponse_1\" class=\"ajaxresponse ajaxresponse_1 hidden\"><\/div><\/div>\n<section class=\"av_textblock_section\"  itemscope=\"itemscope\" itemtype=\"https:\/\/schema.org\/CreativeWork\" ><div class='avia_textblock '   itemprop=\"text\" ><h2 data-fontsize=\"18\" data-lineheight=\"27\">Privacy policy<\/h2>\n<p><strong>Copyright:<\/strong><br \/>\nAlle Texte, Photographien und Inhalte dieser Seite unterliegen dem Copyright. Eine Ver\u00f6ffentlichung au\u00dferhalb dieser Seiten ist nur auf ausdr\u00fcckliche, schriftliche Genehmigung durch den Herausgeber gestattet. ALLE RECHTE VORBEHALTEN.<\/p>\n<p><strong>Links:<\/strong><br \/>\nTrotz sorgf\u00e4ltiger inhaltlicher Kontrolle \u00fcbernehmen wir keine Haftung f\u00fcr die Inhalte externer Links. F\u00fcr den Inhalt der verlinkten Seiten sind ausschlie\u00dflich deren Betreiber verantwortlich.<br \/>\nEine Verlinkung dieser Seiten von anderen Seiten ist ausdr\u00fccklich erlaubt und erw\u00fcnscht. Es d\u00fcrfen dabei keine Inhalte in fremde Framesets \u00fcbernommen werden. Die Eigenst\u00e4ndigkeit des Angebotes muss immer deutlich ersichtlich sein.<\/p>\n<p><strong>Datenschutz:<\/strong><br \/>\nAuf diesen Seiten werden keine personalisierten Daten \u00fcber Besucher gespeichert, die \u00fcber den Umfang eines Logfiles hinausgehen. Gespeicherte Daten dienen nur der Statistik und zur Verbesserung des Angebotes und werden nicht zur Kontaktaufnahme verwendet. Es werden ausdr\u00fccklich keine Daten an Dritte weitergegeben, aus denen Identit\u00e4ten oder Adressen jedweder Art abgeleitet werden k\u00f6nnen. Der Benutzer ist verpflichtet, die Kombination Benutzername\/Passwort vertraulich zu behandeln und nicht an Dritte weiterzugeben. Bei Verdacht auf Missbrauch der Zugangsdaten ist der Betreiber zu informieren.<\/p>\n<p><strong>Haftungsausschluss:<\/strong><br \/>\nAlle Texte und Inhalte dieser Seite wurden sorgf\u00e4ltig auf Ihre Richtigkeit \u00fcberpr\u00fcft. F\u00fcr \u00c4nderungen, Vollst\u00e4ndigkeit oder Aktualit\u00e4t kann dennoch keine Haftung oder Garantie \u00fcbernommen werden. Mit dem Onlineportal geben wir Angel Guides die M\u00f6glichkeit sich, ihre Gew\u00e4sser und Ihre F\u00e4nge im Internet zu pr\u00e4sentieren. Alle Berichte spiegeln die Meinung der Autoren, nicht zwangsl\u00e4ufig die der Redaktion wieder.<br \/>\nMit der Freigabe (Zusenden des Berichtes, m\u00fcndliche oder schriftliche Freigabe zur Verwendung eines Berichtes und Fotos) durch den Autor gehen wir davon aus, dass das Urheberrecht f\u00fcr den jeweiligen Bericht (Texte &amp; Bilder) beim entsprechenden Autor liegen. Sollten Inhalte (Texte oder Bilder) unberechtigterweise ver\u00f6ffentlicht werden, so werden diese sofort von der Homepage entfernt. Das Portal \u00fcbernimmt keine Haftung bei Urheberrechtsverletzungen die der Einsender verursacht. Mit der Freigabe des Autors den Bericht auf dem Portal zu verwenden r\u00e4umt der Autor das Recht ein, die Inhalte in Newslettern und anderen Webseiten die im engen Zusammenhang mit dem Portal stehen zu ver\u00f6ffentlichen. Damit sind auch Internetseiten von Sponsoren dieses Portals gemeint. Die Website steht Ihnen \u2013 soweit nicht anders vereinbart \u2013 kostenlos zur Verf\u00fcgung. Die Betreiber \u00fcbernehmen keinerlei Gew\u00e4hr f\u00fcr Richtigkeit der enthaltenen Informationen, Verf\u00fcgbarkeit der Dienste, Verlust von abgespeicherten Daten oder Nutzbarkeit f\u00fcr irgendeinen bestimmten Zweck. Dieser Haftungsausschluss ist als Teil des Internetangebotes zu betrachten, von dem aus auf diese Seite verwiesen wurde. Sofern Teile oder einzelne Formulierungen dieses Textes der geltenden Rechtslage nicht, nicht mehr oder nicht vollst\u00e4ndig entsprechen sollten, bleiben die \u00fcbrigen Teile des Dokumentes in ihrem Inhalt und ihrer G\u00fcltigkeit davon unber\u00fchrt. Aufgrund der sich st\u00e4ndig ver\u00e4ndernden Inhalte bei Kommentaren und im Forum ist es dem Betreiber nicht m\u00f6glich, alle Beitr\u00e4ge l\u00fcckenlos zu sichten, inhaltlich zu pr\u00fcfen und die unmittelbare aktive Kontrolle dar\u00fcber auszu\u00fcben. Es wird keine Verantwortung f\u00fcr den Inhalt, die Korrektheit und die Form der eingestellten Beitr\u00e4ge \u00fcbernommen.<\/p>\n<p><strong>Personenbezogene Daten<\/strong><br \/>\nPersonenbezogene Daten sind Einzelangaben \u00fcber pers\u00f6nliche oder sachliche Verh\u00e4ltnisse einer bestimmten oder bestimmbaren nat\u00fcrlichen Person. Darunter fallen Informationen wie z.B. Ihr Name, Ihre Anschrift, Ihre Telefonnummer und Ihr Geburtsdatum.<br \/>\nInformationen, die nicht direkt mit Ihrer wirklichen Identit\u00e4t in Verbindung gebracht werden \u2013 wie z.B. favorisierte Webseiten oder Anzahl der Nutzer einer Seite \u2013 sind keine personenbezogenen Daten.<\/p>\n<p><strong>Erhebung und Verarbeitung von personenbezogenen Daten<\/strong><br \/>\nWenn Sie unsere Webseiten besuchen, speichern unsere Webserver standardm\u00e4\u00dfig zum Zweck der Systemsicherheit tempor\u00e4r die Verbindungsdaten des anfragenden Rechners, die Webseiten, die Sie bei uns besuchen, das Datum und die Dauer des Besuches, die Erkennungsdaten des verwendeten Browser- und Betriebssystem-Typs sowie die Webseite, von der aus Sie uns besuchen. Dar\u00fcber hinausgehende personenbezogene Angaben wie Ihr Name, Ihre Anschrift, Telefonnummer oder E-Mail-Adresse werden nicht erfasst, es sei denn, diese Angaben werden von Ihnen freiwillig gemacht, z.B. im Rahmen einer Newsletter-Registrierung oder einer Informationsanfrage.<\/p>\n<p><strong>Nutzung und Weitergabe der personenbezogenen Daten<\/strong><br \/>\nDie von Ihnen zur Verf\u00fcgung gestellten personenbezogenen Daten verwenden wir ausschlie\u00dflich zum Zweck der Erf\u00fcllung Ihrer W\u00fcnsche und Anforderungen, also in der Regel zur Beantwortung Ihrer Anfrage oder zur Zusendung unseres Newsletters.<br \/>\nEine Weitergabe, Verkauf oder sonstige \u00dcbermittlung Ihrer personenbezogenen Daten an Dritte erfolgt nicht, es sei denn, dass dies zum Zwecke der Vertragsabwicklung erforderlich ist oder Sie ausdr\u00fccklich eingewilligt haben.<\/p>\n<p><strong>Einsatz von Cookies<\/strong><br \/>\n\u201eCookies\u201c sind kleine Dateien, die es uns erm\u00f6glichen auf Ihrem PC spezifische, auf Sie, den Nutzer, bezogene Informationen zu speichern, w\u00e4hrend Sie eine unserer Web-Sites besuchen. Cookies helfen uns dabei, die Nutzungsh\u00e4ufigkeit und die Anzahl der Nutzer unserer Internetseiten zu ermitteln, sowie unsere Angebote f\u00fcr Sie m\u00f6glichst komfortabel und effizient zu gestalten. Der Inhalt der von uns verwendeten Cookies beschr\u00e4nkt sich auf eine Identifikationsnummer, die keine Personenbeziehbarkeit mehr auf den Nutzer zul\u00e4sst.<br \/>\nEine Nutzung unserer Angebote ist auch ohne Cookies m\u00f6glich. Sie k\u00f6nnen in Ihrem Browser das Speichern von Cookies deaktivieren, auf bestimmte Websites beschr\u00e4nken oder Ihren Browser so einstellen, dass er sie benachrichtigt, sobald ein Cookie gesendet wird. Sie k\u00f6nnen Cookies auch jederzeit von der Festplatte ihres PCs l\u00f6schen. Bitte beachten Sie aber, dass Sie in diesem Fall mit einer eingeschr\u00e4nkten Darstellung der Seite und mit einer eingeschr\u00e4nkten Benutzerf\u00fchrung rechnen m\u00fcssen.<\/p>\n<p><strong>Retargeting Technologien<\/strong><br \/>\nDiese Website verwendet sogenannte Retargeting-Technologien. Wir nutzen diese Technologien, um f\u00fcr Sie das Internetangebot interessanter zu gestalten. Diese Technik erm\u00f6glicht es, Internetnutzer, die sich bereits f\u00fcr unsere Produkte und Dienstleistungen interessiert haben, auf den Websites unserer Partner mit Werbung anzusprechen. Wir sind davon \u00fcberzeugt, dass die Einblendung einer personalisierten, interessenbezogenen Werbung in der Regel f\u00fcr den Internetnutzer interessanter ist als Werbung, die keinen solchen pers\u00f6nlichen Bezug hat. Die Einblendung dieser Werbemittel auf den Seiten unserer Partner erfolgt auf Basis einer Cookie-Technologie und einer Analyse des vorherigen Nutzungsverhaltens. Diese Form der Werbung erfolgt vollkommen anonym. Es werden keine personenbezogenen Daten gespeichert und es werden auch keine Nutzungsprofile mit Ihren personenbezogenen Daten zusammengef\u00fchrt.<\/p>\n<p><strong>Einsatz von Google Analytics<\/strong><br \/>\nDiese Website benutzt Google Analytics, einen Webanalysedienst der Google Inc. (\u201eGoogle\u201c). Google Analytics verwendet sog. \u201eCookies\u201c, Textdateien, die auf Ihrem Computer gespeichert werden und die eine Analyse der Benutzung der Website durch Sie erm\u00f6glichen. Die durch den Cookie erzeugten Informationen \u00fcber Ihre Benutzung dieser Website (einschlie\u00dflich Ihrer IP-Adresse) werden an einen Server von Google in den USA \u00fcbertragen und dort gespeichert.<br \/>\nWir weisen darauf hin, dass auf dieser Webseite Google Analytics um den Code \u201egat._anonymizeIp();\u201c erweitert wurde, um eine anonymisierte Erfassung von IP-Adressen (sog. IP-Masking) zu gew\u00e4hrleisten.<br \/>\nIhre IP-Adresse wird daher auf unsere Veranlassung hin von Google lediglich in gek\u00fcrzter Form erfasst, was eine Anonymisierung gew\u00e4hrleistet und keine R\u00fcckschl\u00fcsse auf Ihre Identit\u00e4t zul\u00e4sst. Im Falle der Aktivierung der IP-Anonymisierung auf dieser Webseite, wird Ihre IP-Adresse von Google innerhalb von Mitgliedstaaten der Europ\u00e4ischen Union oder in anderen Vertragsstaaten des Abkommens \u00fcber den Europ\u00e4ischen Wirtschaftsraum zuvor gek\u00fcrzt. Nur in Ausnahmef\u00e4llen wird die volle IP-Adresse an einen Server von Google in den USA \u00fcbertragen und dort gek\u00fcrzt. Google beachtet weiter die Datenschutzbestimmungen des \u201eUS-Safe-Harbor\u201c-Abkommens und ist beim \u201eSafe Harbor\u201c-Programm des US-Handelsministeriums registriert. Google wird die genannten Informationen verwenden, um Ihre Nutzung unserer Webseite auszuwerten, um Reports \u00fcber die Webseitenaktivit\u00e4ten f\u00fcr uns zusammenzustellen und um weitere mit der Nutzung von Webseite und Internet verbundene Dienstleistungen an uns zu erbringen. Die im Rahmen von Google Analytics von Ihrem Browser \u00fcbermittelte IP-Adresse wird nicht mit anderen Daten von Google zusammengef\u00fchrt. Eine \u00dcbertragung dieser Daten durch Google an Dritte findet nur aufgrund gesetzlicher Vorschriften oder im Rahmen der Auftragsdatenverarbeitung statt. Keinesfalls wird Google ihre Daten mit anderen von Google erfassten Daten zusammenbringen.<\/p>\n<p>Durch die Nutzung dieser Webseite erkl\u00e4ren Sie sich mit der Bearbeitung der \u00fcber Sie erhobenen Daten durch Google und der zuvor beschriebenen Art und Weise der Datenverarbeitung sowie dem benannten Zweck einverstanden.<br \/>\nSie k\u00f6nnen die Speicherung der Cookies durch eine entsprechende Einstellung Ihrer Browser-Software verhindern; wir weisen Sie jedoch darauf hin, dass Sie in diesem Fall gegebenenfalls nicht s\u00e4mtliche Funktionen dieser Website vollumf\u00e4nglich werden nutzen k\u00f6nnen. Sie k\u00f6nnen dar\u00fcber hinaus die Erfassung der durch das Cookie erzeugten und auf Ihre Nutzung der Website bezogenen Daten (inkl. Ihrer IP-Adresse) an Google sowie die Verarbeitung dieser Daten durch Google verhindern, indem sie das unter dem folgenden Link (https:\/\/tools.google.com\/dlpage\/gaoptout?hl=de) verf\u00fcgbare Browser-Plugin herunterladen und installieren.<br \/>\nN\u00e4here Informationen zu Google Analytics und Datenschutz finden Sie unter tools.google.com\/dlpage\/gaoptout bzw. unter www.google.com\/intl\/de\/analytics\/privacyoverview.html.<\/p>\n<p><strong>Sicherheit<\/strong><br \/>\nWir treffen alle notwendigen technischen und organisatorischen Sicherheitsma\u00dfnahmen, um Ihre personenbezogenen Daten vor Verlust und Missbrauch zu sch\u00fctzen. So werden Ihre Daten in einer sicheren Betriebsumgebung gespeichert, die der \u00d6ffentlichkeit nicht zug\u00e4nglich ist. In bestimmten F\u00e4llen werden Ihre personenbezogenen Daten bei der \u00dcbermittlung durch die sog. Secure Socket Layer-Technologie (SSL) verschl\u00fcsselt. Das bedeutet, dass die Kommunikation zwischen Ihrem Computer und unseren Servern unter Einsatz eines anerkannten Verschl\u00fcsselungsverfahrens erfolgt, wenn Ihr Browser SSL unterst\u00fctzt. Sollten Sie mit uns per E-Mail in Kontakt treten wollen, weisen wir darauf hin, dass die Vertraulichkeit der \u00fcbermittelten Informationen nicht gew\u00e4hrleistet ist. Der Inhalt von E-Mails kann von Dritten eingesehen werden. Wir empfehlen Ihnen daher, uns vertrauliche Informationen verschl\u00fcsselt zukommen zu lassen.<\/p>\n<p><strong>\u00c4nderung dieser Datenschutzerkl\u00e4rung<\/strong><br \/>\nDa diese Hinweise der jeweils aktuellen Rechtslage unterliegen, behalten wir uns vor, diese Datenschutzerkl\u00e4rung k\u00fcnftig entsprechend zu \u00e4ndern. Wir empfehlen Ihnen, diese Datenschutzbestimmungen regelm\u00e4\u00dfig zu lesen, um \u00fcber den Schutz der von uns erfassten Daten auf dem Laufenden zu bleiben. Durch die fortgesetzte Nutzung dieser Websites bzw. durch eine aufrechte Gesch\u00e4ftsbeziehung erkl\u00e4ren Sie sich mit diesen Datenschutzbestimmungen und deren Aktualit\u00e4t einverstanden.<\/p>\n<\/div><\/section>\n","protected":false},"excerpt":{"rendered":"","protected":false},"author":1,"featured_media":0,"parent":0,"menu_order":0,"comment_status":"closed","ping_status":"closed","template":"","meta":{"_monsterinsights_skip_tracking":false,"_monsterinsights_sitenote_active":false,"_monsterinsights_sitenote_note":"","_monsterinsights_sitenote_category":0,"footnotes":""},"class_list":["post-6872","page","type-page","status-publish","hentry"],"yoast_head":"<!-- This site is optimized with the Yoast SEO plugin v27.5 - https:\/\/yoast.com\/product\/yoast-seo-wordpress\/ -->\n<title>Contact\/Impressum\/Privacy policy - Angelabenteuer nach Mass!<\/title>\n<meta name=\"robots\" content=\"index, follow, max-snippet:-1, max-image-preview:large, max-video-preview:-1\" \/>\n<link rel=\"canonical\" href=\"https:\/\/guiderino.com\/en\/contact-impressum\/\" \/>\n<meta property=\"og:locale\" content=\"en_US\" \/>\n<meta property=\"og:type\" content=\"article\" \/>\n<meta property=\"og:title\" content=\"Contact\/Impressum\/Privacy policy - Angelabenteuer nach Mass!\" \/>\n<meta property=\"og:url\" content=\"https:\/\/guiderino.com\/en\/contact-impressum\/\" \/>\n<meta property=\"og:site_name\" content=\"Angelabenteuer nach Mass!\" \/>\n<meta property=\"article:modified_time\" content=\"2019-11-07T10:59:24+00:00\" \/>\n<meta name=\"twitter:card\" content=\"summary_large_image\" \/>\n<meta name=\"twitter:label1\" content=\"Est. reading time\" \/>\n\t<meta name=\"twitter:data1\" content=\"12 minutes\" \/>\n<script type=\"application\/ld+json\" class=\"yoast-schema-graph\">{\"@context\":\"https:\\\/\\\/schema.org\",\"@graph\":[{\"@type\":\"WebPage\",\"@id\":\"https:\\\/\\\/guiderino.com\\\/en\\\/contact-impressum\\\/\",\"url\":\"https:\\\/\\\/guiderino.com\\\/en\\\/contact-impressum\\\/\",\"name\":\"Contact\\\/Impressum\\\/Privacy policy - Angelabenteuer nach Mass!\",\"isPartOf\":{\"@id\":\"https:\\\/\\\/guiderino.com\\\/#website\"},\"datePublished\":\"2018-07-24T09:44:02+00:00\",\"dateModified\":\"2019-11-07T10:59:24+00:00\",\"breadcrumb\":{\"@id\":\"https:\\\/\\\/guiderino.com\\\/en\\\/contact-impressum\\\/#breadcrumb\"},\"inLanguage\":\"en-US\",\"potentialAction\":[{\"@type\":\"ReadAction\",\"target\":[\"https:\\\/\\\/guiderino.com\\\/en\\\/contact-impressum\\\/\"]}]},{\"@type\":\"BreadcrumbList\",\"@id\":\"https:\\\/\\\/guiderino.com\\\/en\\\/contact-impressum\\\/#breadcrumb\",\"itemListElement\":[{\"@type\":\"ListItem\",\"position\":1,\"name\":\"Startseite\",\"item\":\"https:\\\/\\\/guiderino.com\\\/en\\\/\"},{\"@type\":\"ListItem\",\"position\":2,\"name\":\"Contact\\\/Impressum\\\/Privacy policy\"}]},{\"@type\":\"WebSite\",\"@id\":\"https:\\\/\\\/guiderino.com\\\/#website\",\"url\":\"https:\\\/\\\/guiderino.com\\\/\",\"name\":\"Angelabenteuer nach Mass!\",\"description\":\"Nicht suchen, FINDEN!\",\"potentialAction\":[{\"@type\":\"SearchAction\",\"target\":{\"@type\":\"EntryPoint\",\"urlTemplate\":\"https:\\\/\\\/guiderino.com\\\/?s={search_term_string}\"},\"query-input\":{\"@type\":\"PropertyValueSpecification\",\"valueRequired\":true,\"valueName\":\"search_term_string\"}}],\"inLanguage\":\"en-US\"}]}<\/script>\n<!-- \/ Yoast SEO plugin. -->","yoast_head_json":{"title":"Contact\/Impressum\/Privacy policy - Angelabenteuer nach Mass!","robots":{"index":"index","follow":"follow","max-snippet":"max-snippet:-1","max-image-preview":"max-image-preview:large","max-video-preview":"max-video-preview:-1"},"canonical":"https:\/\/guiderino.com\/en\/contact-impressum\/","og_locale":"en_US","og_type":"article","og_title":"Contact\/Impressum\/Privacy policy - Angelabenteuer nach Mass!","og_url":"https:\/\/guiderino.com\/en\/contact-impressum\/","og_site_name":"Angelabenteuer nach Mass!","article_modified_time":"2019-11-07T10:59:24+00:00","twitter_card":"summary_large_image","twitter_misc":{"Est. reading time":"12 minutes"},"schema":{"@context":"https:\/\/schema.org","@graph":[{"@type":"WebPage","@id":"https:\/\/guiderino.com\/en\/contact-impressum\/","url":"https:\/\/guiderino.com\/en\/contact-impressum\/","name":"Contact\/Impressum\/Privacy policy - Angelabenteuer nach Mass!","isPartOf":{"@id":"https:\/\/guiderino.com\/#website"},"datePublished":"2018-07-24T09:44:02+00:00","dateModified":"2019-11-07T10:59:24+00:00","breadcrumb":{"@id":"https:\/\/guiderino.com\/en\/contact-impressum\/#breadcrumb"},"inLanguage":"en-US","potentialAction":[{"@type":"ReadAction","target":["https:\/\/guiderino.com\/en\/contact-impressum\/"]}]},{"@type":"BreadcrumbList","@id":"https:\/\/guiderino.com\/en\/contact-impressum\/#breadcrumb","itemListElement":[{"@type":"ListItem","position":1,"name":"Startseite","item":"https:\/\/guiderino.com\/en\/"},{"@type":"ListItem","position":2,"name":"Contact\/Impressum\/Privacy policy"}]},{"@type":"WebSite","@id":"https:\/\/guiderino.com\/#website","url":"https:\/\/guiderino.com\/","name":"Angelabenteuer nach Mass!","description":"Nicht suchen, FINDEN!","potentialAction":[{"@type":"SearchAction","target":{"@type":"EntryPoint","urlTemplate":"https:\/\/guiderino.com\/?s={search_term_string}"},"query-input":{"@type":"PropertyValueSpecification","valueRequired":true,"valueName":"search_term_string"}}],"inLanguage":"en-US"}]}},"_links":{"self":[{"href":"https:\/\/guiderino.com\/en\/wp-json\/wp\/v2\/pages\/6872\/"}],"collection":[{"href":"https:\/\/guiderino.com\/en\/wp-json\/wp\/v2\/pages\/"}],"about":[{"href":"https:\/\/guiderino.com\/en\/wp-json\/wp\/v2\/types\/page\/"}],"author":[{"embeddable":true,"href":"https:\/\/guiderino.com\/en\/wp-json\/wp\/v2\/users\/1\/"}],"replies":[{"embeddable":true,"href":"https:\/\/guiderino.com\/en\/wp-json\/wp\/v2\/comments\/?post=6872"}],"version-history":[{"count":8,"href":"https:\/\/guiderino.com\/en\/wp-json\/wp\/v2\/pages\/6872\/revisions\/"}],"predecessor-version":[{"id":10074,"href":"https:\/\/guiderino.com\/en\/wp-json\/wp\/v2\/pages\/6872\/revisions\/10074\/"}],"wp:attachment":[{"href":"https:\/\/guiderino.com\/en\/wp-json\/wp\/v2\/media\/?parent=6872"}],"curies":[{"name":"wp","href":"https:\/\/api.w.org\/{rel}","templated":true}]}}