{"id":10566,"date":"2019-09-04T14:48:12","date_gmt":"2019-09-04T12:48:12","guid":{"rendered":"https:\/\/guiderino.com\/?post_type=product&#038;p=10566"},"modified":"2021-09-24T11:08:03","modified_gmt":"2021-09-24T09:08:03","slug":"fishing-guide-andre-schroeder","status":"publish","type":"product","link":"https:\/\/guiderino.com\/en\/produkt\/fishing-guide-andre-schroeder\/","title":{"rendered":"Fishing Guide Andre Schr\u00f6der"},"content":{"rendered":"<div class=\"QmZWSe\">\n<div class=\"DHcWmd\"><\/div>\n<\/div>\n<div class=\"oSioSc\">\n<div id=\"tw-target\">\n<div id=\"kAz1tf\" class=\"g9WsWb\">\n<div id=\"tw-target-text-container\" class=\"tw-ta-container tw-nfl\" tabindex=\"0\">\n<h1 id=\"tw-target-text\" class=\"tw-data-text tw-text-large tw-ta\" dir=\"ltr\" data-placeholder=\"\u00dcbersetzung\"><span lang=\"en\">Zander fishing at Weser with fishing guide Andres Schr\u00f6der<\/span><\/h1>\n<p>My name is Andre Schr\u00f6der, I am 42 years old and I have been around since I was 7 years old. I&#8217;ve been on fishing in recent years<br \/>\nSpecialized in zander, perch and rapfen in the tide-dependent part of the Weser in Bremen-Nord from the boat. Since the Weser has a tidal lift of up to 4 m in 6 hours, it is not always easy to find the fish. But I do it as well as I can. You get tips and tricks from me when choosing equipment, bait and space. With My Vertical Tours you don&#8217;t need to bring anything except good mood and go fishing. Furthermore, the Norway fever caught my eye. I have been travelling regularly to Norway for more than 19 years now. I was most impressed by the light spinning on Pollack in southern Norway and the fishing for halibut in northern Norway. Due to my many years of experience in reading nautical charts, searching for territory and knowledge about the fish, I am very often successful. On my Norway tours, I show and explain everything you need to know about sea fishing and I am at your side the whole tour. Fullguiding.<br \/>\nYour Andre.<\/p>\n<\/div>\n<\/div>\n<\/div>\n<\/div>\n<p style=\"text-align: center;\">\u2014\u2014\u2014\u2014\u2014\u2014\u2014\u2014\u2014\u2014\u2014\u2014\u2014\u2014\u2014\u2014\u2014\u2014\u2014\u2014\u2014\u2014\u2014\u2014\u2014\u2014\u2014\u2014\u2014\u2014\u2014\u2014\u2014\u2014\u2014\u2014\u2014\u2014\u2014\u2014\u2014\u2014\u2014\u2014\u2014\u2014\u2014\u2014\u2014\u2014\u2014<\/p>\n<h2 id=\"tw-target-text\" class=\"tw-data-text tw-text-large XcVN5d tw-ta\" dir=\"ltr\" style=\"text-align: center;\" data-placeholder=\"\u00dcbersetzung\"><span class=\"Y2IQFc\" lang=\"en\">REVIEWS Above in the next Tab !!!<\/span><\/h2>\n<p style=\"text-align: center;\">\u2014\u2014\u2014\u2014\u2014\u2014\u2014\u2014\u2014\u2014\u2014\u2014\u2014\u2014\u2014\u2014\u2014\u2014\u2014\u2014\u2014\u2014\u2014\u2014\u2014\u2014\u2014\u2014\u2014\u2014\u2014\u2014\u2014\u2014\u2014\u2014\u2014\u2014\u2014\u2014\u2014\u2014\u2014\u2014\u2014\u2014\u2014\u2014\u2014\u2014\u2014<\/p>\n<h2 id=\"tw-target-text\" class=\"tw-data-text tw-text-large XcVN5d tw-ta\" dir=\"ltr\" style=\"text-align: center;\" data-placeholder=\"\u00dcbersetzung\"><span class=\"Y2IQFc\" lang=\"en\">Write an email directly to the fishing guide here<\/span><\/h2>\n<p style=\"text-align: center;\">\n<div class=\"wpcf7 no-js\" id=\"wpcf7-f10800-o1\" lang=\"de-DE\" dir=\"ltr\" data-wpcf7-id=\"10800\">\n<div class=\"screen-reader-response\"><p role=\"status\" aria-live=\"polite\" aria-atomic=\"true\"><\/p> <ul><\/ul><\/div>\n<form action=\"\/en\/wp-json\/wp\/v2\/product\/10566\/#wpcf7-f10800-o1\" method=\"post\" class=\"wpcf7-form init\" aria-label=\"Kontaktformular\" novalidate=\"novalidate\" data-status=\"init\">\n<fieldset class=\"hidden-fields-container\"><input type=\"hidden\" name=\"_wpcf7\" value=\"10800\" \/><input type=\"hidden\" name=\"_wpcf7_version\" value=\"6.1.5\" \/><input type=\"hidden\" name=\"_wpcf7_locale\" value=\"de_DE\" \/><input type=\"hidden\" name=\"_wpcf7_unit_tag\" value=\"wpcf7-f10800-o1\" \/><input type=\"hidden\" name=\"_wpcf7_container_post\" value=\"0\" \/><input type=\"hidden\" name=\"_wpcf7_posted_data_hash\" value=\"\" \/>\n<\/fieldset>\n<p><label> your name<br \/>\n<span class=\"wpcf7-form-control-wrap\" data-name=\"your-name\"><input size=\"40\" maxlength=\"400\" class=\"wpcf7-form-control wpcf7-text wpcf7-validates-as-required\" aria-required=\"true\" aria-invalid=\"false\" value=\"\" type=\"text\" name=\"your-name\" \/><\/span> <\/label>\n<\/p>\n<p><label> your email<br \/>\n<span class=\"wpcf7-form-control-wrap\" data-name=\"your-email\"><input size=\"40\" maxlength=\"400\" class=\"wpcf7-form-control wpcf7-email wpcf7-validates-as-required wpcf7-text wpcf7-validates-as-email\" aria-required=\"true\" aria-invalid=\"false\" value=\"\" type=\"email\" name=\"your-email\" \/><\/span> <\/label>\n<\/p>\n<p><label> your subject<br \/>\n<span class=\"wpcf7-form-control-wrap\" data-name=\"your-subject\"><input size=\"40\" maxlength=\"400\" class=\"wpcf7-form-control wpcf7-text wpcf7-validates-as-required\" aria-required=\"true\" aria-invalid=\"false\" value=\"\" type=\"text\" name=\"your-subject\" \/><\/span> <\/label>\n<\/p>\n<p><label> your message to the fishing guide<br \/>\n<span class=\"wpcf7-form-control-wrap\" data-name=\"your-message\"><textarea cols=\"40\" rows=\"10\" maxlength=\"2000\" class=\"wpcf7-form-control wpcf7-textarea\" aria-invalid=\"false\" name=\"your-message\"><\/textarea><\/span> <\/label>\n<\/p>\n<p><input class=\"wpcf7-form-control wpcf7-submit has-spinner\" type=\"submit\" value=\"submit\" \/>\n<\/p><p style=\"display: none !important;\" class=\"akismet-fields-container\" data-prefix=\"_wpcf7_ak_\"><label>&#916;<textarea name=\"_wpcf7_ak_hp_textarea\" cols=\"45\" rows=\"8\" maxlength=\"100\"><\/textarea><\/label><input type=\"hidden\" id=\"ak_js_1\" name=\"_wpcf7_ak_js\" value=\"210\"\/><script type=\"text\/javascript\">\n\/* <![CDATA[ *\/\ndocument.getElementById( \"ak_js_1\" ).setAttribute( \"value\", ( new Date() ).getTime() );\n\/* ]]> *\/\n<\/script>\n<\/p><div class=\"wpcf7-response-output\" aria-hidden=\"true\"><\/div>\n<\/form>\n<\/div>\n<\/p>\n<p style=\"text-align: center;\">\u2014\u2014\u2014\u2014\u2014\u2014\u2014\u2014\u2014\u2014\u2014\u2014\u2014\u2014\u2014\u2014\u2014\u2014\u2014\u2014\u2014\u2014\u2014\u2014\u2014\u2014\u2014\u2014\u2014\u2014\u2014\u2014\u2014\u2014\u2014\u2014\u2014\u2014\u2014\u2014\u2014\u2014\u2014\u2014\u2014\u2014\u2014\u2014\u2014\u2014\u2014<\/p>\n<h2 style=\"text-align: center;\">Guiderino tips for boat fishing<\/h2>\n<p>When clothing, please remember that it is always much colder, windier and wetter on the boat than on land. When driving fast, especially against waves, a lot of water can splash into the boat. Adequate protection (eg poncho, long rain jacket is available at Amazon for a few euros) and a towel can save one\u2019s fishing day. Wearers of glasses should take cleaning options with them. I have not seen a few who wear ski goggles for protection. Once the glasses are dirty with brackish water, it quickly diminishes the fishing fun. Very important here is the footwear, the shoes always get the most water. Once the feet are wet, the cold can run through the whole body. Wellington boots are immobile but a good base.<\/p>\n<p>If you are well dressed, there is nothing better than catching your fish from the boat. Have fun and punish linen.<\/p>\n<p style=\"text-align: center;\">\u2014\u2014\u2014\u2014\u2014\u2014\u2014\u2014\u2014\u2014\u2014\u2014\u2014\u2014\u2014\u2014\u2014\u2014\u2014\u2014\u2014\u2014\u2014\u2014\u2014\u2014\u2014\u2014\u2014\u2014\u2014\u2014\u2014\u2014\u2014\u2014\u2014\u2014\u2014\u2014\u2014\u2014\u2014\u2014\u2014\u2014\u2014\u2014\u2014\u2014\u2014<\/p>\n<p style=\"text-align: center;\"><a href=\"https:\/\/guiderino.com\/en\/angelguide-suchen-mit-filtersuche\/\" target=\"_blank\" rel=\"noopener noreferrer\"><em>Click here for &#8211; Guiderino filter search<\/em><\/a><\/p>\n<p id=\"tw-target-text\" class=\"tw-data-text tw-ta tw-text-medium\" dir=\"ltr\" style=\"text-align: center;\" data-placeholder=\"\u00dcbersetzung\"><a href=\"http:\/\/www.as-sportfishing.de\/\" target=\"_blank\" rel=\"noopener noreferrer\"><span lang=\"en\"><em>Click here for &#8211; Homepage of the provider<\/em><\/span><\/a><\/p>\n","protected":false},"excerpt":{"rendered":"<p>Zander fishing at Weser with fishing guide Andres Schr\u00f6der My name is Andre Schr\u00f6der, I am 42 years old and I have been around since I was 7 years old. I&#8217;ve been on fishing in recent years Specialized in zander, perch and rapfen in the tide-dependent part of the Weser in Bremen-Nord from the boat. [&hellip;]<\/p>\n","protected":false},"featured_media":10567,"comment_status":"open","ping_status":"closed","template":"","meta":{"_monsterinsights_skip_tracking":false,"_monsterinsights_sitenote_active":false,"_monsterinsights_sitenote_note":"","_monsterinsights_sitenote_category":0},"product_brand":[],"product_cat":[795],"product_tag":[],"class_list":{"0":"post-10566","1":"product","2":"type-product","3":"status-publish","4":"has-post-thumbnail","6":"product_cat-fishing-guide","7":"pa_angelboot-fishing-boat-available","8":"pa_angeltechniken-jigging","9":"pa_angeltechniken-offshore-fishing","10":"pa_angeltechniken-pilking","11":"pa_angeltechniken-spin-fishing","12":"pa_angeltechniken-vertical-pelagic","13":"pa_fischart-cod","14":"pa_fischart-halibut","15":"pa_fischart-perch-en","16":"pa_fischart-pike-en","17":"pa_fischart-pollack-en-2","18":"pa_gewaesser-barents-sea-havoysund","19":"pa_gewaesser-north-sea-farsund","20":"pa_gewaesser-northern-european-sea-havoysund","21":"pa_gewaesser-weser-bremen-en","22":"pa_land-germany","23":"pa_land-norway","24":"pa_sprache-english","25":"pa_sprache-german","27":"first","28":"instock","29":"virtual","30":"product-type-simple"},"yoast_head":"<!-- This site is optimized with the Yoast SEO plugin v27.5 - https:\/\/yoast.com\/product\/yoast-seo-wordpress\/ -->\n<title>Angelguide Andre Schr\u00f6der | Eine Seite, Alle Angelguides!<\/title>\n<meta name=\"description\" content=\"Nutze den Angelguide Finder f\u00fcr dein n\u00e4chstes Angelguiding oder Angelreise. Lies Bewertungen anderer Angler oder geh jetzt Raubfische angeln mit Angelguide Andre Schr\u00f6der.\" \/>\n<meta name=\"robots\" content=\"index, follow, max-snippet:-1, max-image-preview:large, max-video-preview:-1\" \/>\n<link rel=\"canonical\" href=\"https:\/\/guiderino.com\/en\/produkt\/fishing-guide-andre-schroeder\/\" \/>\n<meta property=\"og:locale\" content=\"en_US\" \/>\n<meta property=\"og:type\" content=\"article\" \/>\n<meta property=\"og:title\" content=\"Angelguide Andre Schr\u00f6der | Eine Seite, Alle Angelguides!\" \/>\n<meta property=\"og:description\" content=\"Nutze den Angelguide Finder f\u00fcr dein n\u00e4chstes Angelguiding oder Angelreise. Lies Bewertungen anderer Angler oder geh jetzt Raubfische angeln mit Angelguide Andre Schr\u00f6der.\" \/>\n<meta property=\"og:url\" content=\"https:\/\/guiderino.com\/en\/produkt\/fishing-guide-andre-schroeder\/\" \/>\n<meta property=\"og:site_name\" content=\"Angelabenteuer nach Mass!\" \/>\n<meta property=\"article:modified_time\" content=\"2021-09-24T09:08:03+00:00\" \/>\n<meta property=\"og:image\" content=\"https:\/\/guiderino.com\/wp-content\/uploads\/2020\/02\/Andre-Schroeder-00-en-b1000.jpg\" \/>\n\t<meta property=\"og:image:width\" content=\"1000\" \/>\n\t<meta property=\"og:image:height\" content=\"562\" \/>\n\t<meta property=\"og:image:type\" content=\"image\/jpeg\" \/>\n<meta name=\"twitter:card\" content=\"summary_large_image\" \/>\n<meta name=\"twitter:label1\" content=\"Est. reading time\" \/>\n\t<meta name=\"twitter:data1\" content=\"2 minutes\" \/>\n<script type=\"application\/ld+json\" class=\"yoast-schema-graph\">{\"@context\":\"https:\\\/\\\/schema.org\",\"@graph\":[{\"@type\":\"WebPage\",\"@id\":\"https:\\\/\\\/guiderino.com\\\/en\\\/produkt\\\/fishing-guide-andre-schroeder\\\/\",\"url\":\"https:\\\/\\\/guiderino.com\\\/en\\\/produkt\\\/fishing-guide-andre-schroeder\\\/\",\"name\":\"Angelguide Andre Schr\u00f6der | Eine Seite, Alle Angelguides!\",\"isPartOf\":{\"@id\":\"https:\\\/\\\/guiderino.com\\\/#website\"},\"primaryImageOfPage\":{\"@id\":\"https:\\\/\\\/guiderino.com\\\/en\\\/produkt\\\/fishing-guide-andre-schroeder\\\/#primaryimage\"},\"image\":{\"@id\":\"https:\\\/\\\/guiderino.com\\\/en\\\/produkt\\\/fishing-guide-andre-schroeder\\\/#primaryimage\"},\"thumbnailUrl\":\"https:\\\/\\\/guiderino.com\\\/wp-content\\\/uploads\\\/2020\\\/02\\\/Andre-Schroeder-00-en-b1000.jpg\",\"datePublished\":\"2019-09-04T12:48:12+00:00\",\"dateModified\":\"2021-09-24T09:08:03+00:00\",\"description\":\"Nutze den Angelguide Finder f\u00fcr dein n\u00e4chstes Angelguiding oder Angelreise. Lies Bewertungen anderer Angler oder geh jetzt Raubfische angeln mit Angelguide Andre Schr\u00f6der.\",\"breadcrumb\":{\"@id\":\"https:\\\/\\\/guiderino.com\\\/en\\\/produkt\\\/fishing-guide-andre-schroeder\\\/#breadcrumb\"},\"inLanguage\":\"en-US\",\"potentialAction\":[{\"@type\":\"ReadAction\",\"target\":[\"https:\\\/\\\/guiderino.com\\\/en\\\/produkt\\\/fishing-guide-andre-schroeder\\\/\"]}]},{\"@type\":\"ImageObject\",\"inLanguage\":\"en-US\",\"@id\":\"https:\\\/\\\/guiderino.com\\\/en\\\/produkt\\\/fishing-guide-andre-schroeder\\\/#primaryimage\",\"url\":\"https:\\\/\\\/guiderino.com\\\/wp-content\\\/uploads\\\/2020\\\/02\\\/Andre-Schroeder-00-en-b1000.jpg\",\"contentUrl\":\"https:\\\/\\\/guiderino.com\\\/wp-content\\\/uploads\\\/2020\\\/02\\\/Andre-Schroeder-00-en-b1000.jpg\",\"width\":1000,\"height\":562,\"caption\":\"Fishing Guide Andre Schr\u00f6der\"},{\"@type\":\"BreadcrumbList\",\"@id\":\"https:\\\/\\\/guiderino.com\\\/en\\\/produkt\\\/fishing-guide-andre-schroeder\\\/#breadcrumb\",\"itemListElement\":[{\"@type\":\"ListItem\",\"position\":1,\"name\":\"Startseite\",\"item\":\"https:\\\/\\\/guiderino.com\\\/en\\\/\"},{\"@type\":\"ListItem\",\"position\":2,\"name\":\"Filter Suche\",\"item\":\"https:\\\/\\\/guiderino.com\\\/angelguide-suchen-mit-filtersuche\\\/\"},{\"@type\":\"ListItem\",\"position\":3,\"name\":\"Fishing Guide Andre Schr\u00f6der\"}]},{\"@type\":\"WebSite\",\"@id\":\"https:\\\/\\\/guiderino.com\\\/#website\",\"url\":\"https:\\\/\\\/guiderino.com\\\/\",\"name\":\"Angelabenteuer nach Mass!\",\"description\":\"Nicht suchen, FINDEN!\",\"potentialAction\":[{\"@type\":\"SearchAction\",\"target\":{\"@type\":\"EntryPoint\",\"urlTemplate\":\"https:\\\/\\\/guiderino.com\\\/?s={search_term_string}\"},\"query-input\":{\"@type\":\"PropertyValueSpecification\",\"valueRequired\":true,\"valueName\":\"search_term_string\"}}],\"inLanguage\":\"en-US\"}]}<\/script>\n<!-- \/ Yoast SEO plugin. -->","yoast_head_json":{"title":"Angelguide Andre Schr\u00f6der | Eine Seite, Alle Angelguides!","description":"Nutze den Angelguide Finder f\u00fcr dein n\u00e4chstes Angelguiding oder Angelreise. Lies Bewertungen anderer Angler oder geh jetzt Raubfische angeln mit Angelguide Andre Schr\u00f6der.","robots":{"index":"index","follow":"follow","max-snippet":"max-snippet:-1","max-image-preview":"max-image-preview:large","max-video-preview":"max-video-preview:-1"},"canonical":"https:\/\/guiderino.com\/en\/produkt\/fishing-guide-andre-schroeder\/","og_locale":"en_US","og_type":"article","og_title":"Angelguide Andre Schr\u00f6der | Eine Seite, Alle Angelguides!","og_description":"Nutze den Angelguide Finder f\u00fcr dein n\u00e4chstes Angelguiding oder Angelreise. Lies Bewertungen anderer Angler oder geh jetzt Raubfische angeln mit Angelguide Andre Schr\u00f6der.","og_url":"https:\/\/guiderino.com\/en\/produkt\/fishing-guide-andre-schroeder\/","og_site_name":"Angelabenteuer nach Mass!","article_modified_time":"2021-09-24T09:08:03+00:00","og_image":[{"width":1000,"height":562,"url":"https:\/\/guiderino.com\/wp-content\/uploads\/2020\/02\/Andre-Schroeder-00-en-b1000.jpg","type":"image\/jpeg"}],"twitter_card":"summary_large_image","twitter_misc":{"Est. reading time":"2 minutes"},"schema":{"@context":"https:\/\/schema.org","@graph":[{"@type":"WebPage","@id":"https:\/\/guiderino.com\/en\/produkt\/fishing-guide-andre-schroeder\/","url":"https:\/\/guiderino.com\/en\/produkt\/fishing-guide-andre-schroeder\/","name":"Angelguide Andre Schr\u00f6der | Eine Seite, Alle Angelguides!","isPartOf":{"@id":"https:\/\/guiderino.com\/#website"},"primaryImageOfPage":{"@id":"https:\/\/guiderino.com\/en\/produkt\/fishing-guide-andre-schroeder\/#primaryimage"},"image":{"@id":"https:\/\/guiderino.com\/en\/produkt\/fishing-guide-andre-schroeder\/#primaryimage"},"thumbnailUrl":"https:\/\/guiderino.com\/wp-content\/uploads\/2020\/02\/Andre-Schroeder-00-en-b1000.jpg","datePublished":"2019-09-04T12:48:12+00:00","dateModified":"2021-09-24T09:08:03+00:00","description":"Nutze den Angelguide Finder f\u00fcr dein n\u00e4chstes Angelguiding oder Angelreise. Lies Bewertungen anderer Angler oder geh jetzt Raubfische angeln mit Angelguide Andre Schr\u00f6der.","breadcrumb":{"@id":"https:\/\/guiderino.com\/en\/produkt\/fishing-guide-andre-schroeder\/#breadcrumb"},"inLanguage":"en-US","potentialAction":[{"@type":"ReadAction","target":["https:\/\/guiderino.com\/en\/produkt\/fishing-guide-andre-schroeder\/"]}]},{"@type":"ImageObject","inLanguage":"en-US","@id":"https:\/\/guiderino.com\/en\/produkt\/fishing-guide-andre-schroeder\/#primaryimage","url":"https:\/\/guiderino.com\/wp-content\/uploads\/2020\/02\/Andre-Schroeder-00-en-b1000.jpg","contentUrl":"https:\/\/guiderino.com\/wp-content\/uploads\/2020\/02\/Andre-Schroeder-00-en-b1000.jpg","width":1000,"height":562,"caption":"Fishing Guide Andre Schr\u00f6der"},{"@type":"BreadcrumbList","@id":"https:\/\/guiderino.com\/en\/produkt\/fishing-guide-andre-schroeder\/#breadcrumb","itemListElement":[{"@type":"ListItem","position":1,"name":"Startseite","item":"https:\/\/guiderino.com\/en\/"},{"@type":"ListItem","position":2,"name":"Filter Suche","item":"https:\/\/guiderino.com\/angelguide-suchen-mit-filtersuche\/"},{"@type":"ListItem","position":3,"name":"Fishing Guide Andre Schr\u00f6der"}]},{"@type":"WebSite","@id":"https:\/\/guiderino.com\/#website","url":"https:\/\/guiderino.com\/","name":"Angelabenteuer nach Mass!","description":"Nicht suchen, FINDEN!","potentialAction":[{"@type":"SearchAction","target":{"@type":"EntryPoint","urlTemplate":"https:\/\/guiderino.com\/?s={search_term_string}"},"query-input":{"@type":"PropertyValueSpecification","valueRequired":true,"valueName":"search_term_string"}}],"inLanguage":"en-US"}]}},"_links":{"self":[{"href":"https:\/\/guiderino.com\/en\/wp-json\/wp\/v2\/product\/10566\/"}],"collection":[{"href":"https:\/\/guiderino.com\/en\/wp-json\/wp\/v2\/product\/"}],"about":[{"href":"https:\/\/guiderino.com\/en\/wp-json\/wp\/v2\/types\/product\/"}],"replies":[{"embeddable":true,"href":"https:\/\/guiderino.com\/en\/wp-json\/wp\/v2\/comments\/?post=10566"}],"wp:featuredmedia":[{"embeddable":true,"href":"https:\/\/guiderino.com\/en\/wp-json\/wp\/v2\/media\/10567\/"}],"wp:attachment":[{"href":"https:\/\/guiderino.com\/en\/wp-json\/wp\/v2\/media\/?parent=10566"}],"wp:term":[{"taxonomy":"product_brand","embeddable":true,"href":"https:\/\/guiderino.com\/en\/wp-json\/wp\/v2\/product_brand\/?post=10566"},{"taxonomy":"product_cat","embeddable":true,"href":"https:\/\/guiderino.com\/en\/wp-json\/wp\/v2\/product_cat\/?post=10566"},{"taxonomy":"product_tag","embeddable":true,"href":"https:\/\/guiderino.com\/en\/wp-json\/wp\/v2\/product_tag\/?post=10566"}],"curies":[{"name":"wp","href":"https:\/\/api.w.org\/{rel}","templated":true}]}}