{"id":6580,"date":"2017-08-28T20:29:11","date_gmt":"2017-08-28T18:29:11","guid":{"rendered":"https:\/\/guiderino.com\/?post_type=product&#038;p=6580"},"modified":"2018-12-15T08:54:12","modified_gmt":"2018-12-15T07:54:12","slug":"smalandreisen-fishing-trips","status":"publish","type":"product","link":"https:\/\/guiderino.com\/en\/produkt\/smalandreisen-fishing-trips\/","title":{"rendered":"Smalandreisen | Fishing Trip"},"content":{"rendered":"<h1>Smalandreisen Fishing Trips<\/h1>\n<h2><span id=\"result_box\" class=\"\" lang=\"en\"><span class=\"\">To the beginning a few background information to Smalandreisen fishing vacation.<\/span><\/span><\/h2>\n<p><span id=\"result_box\" class=\"\" lang=\"en\"><span title=\"Smalandreisen ist ein kleiner herzlicher Familiengef\u00fchrter Betrieb.\">Smalandreisen is a small family run business. <\/span><span title=\"Bei Gabi und Otto Seitz seid ihr in den besten H\u00e4nden.\">With Gabi and Otto Seitz you are in the best hands. <\/span><span title=\"Ihr Moto \u201cIhr kommt nach Smaland als Freunde und nicht als Kunden mit einer Buchungsnummer\u201d wird von ihnen auch so gelebt. \">Their motto &#8220;They come to Smaland as friends and not as customers with a booking number&#8221; is also lived by them.<\/span><\/span><\/p>\n<p><span title=\"Ihr k\u00f6nnt mittlerweile aus \u00fcber 20 Ferienh\u00e4user w\u00e4hlen, die alle im landestypischen Stil gebaut und eingerichtet sind. \">You can now choose from over 20 holiday homes, all of which are built and furnished in the style typical of the country.<\/span><\/p>\n<h2><span id=\"result_box\" class=\"\" lang=\"en\"><span title=\"Ihr k\u00f6nnt mittlerweile aus \u00fcber 20 Ferienh\u00e4user w\u00e4hlen, die alle im landestypischen Stil gebaut und eingerichtet sind. \"><br \/>\n<\/span><span title=\"Was kann ich vom Angeln dort erwarten? \">What can I expect from fishing there?<\/span><\/span><\/h2>\n<p><span id=\"result_box\" class=\"\" lang=\"en\"><span title=\"Was kann ich vom Angeln dort erwarten? \"><br \/>\n<\/span><span title=\"Smalandreisen hat sich auf zwei Gebiete in S\u00fcdschweden (Smaland) spezialisiert, die Objekte befinden sich um den See Rusken und Vrigstadsan in Smalands H\u00f6glandet sowie im Sch\u00e4rengebiet von Oskarshamn.\">Smalandreisen has specialized in two areas in Southern Sweden (Smaland), the objects are located around the lake Rusken and Vrigstadsan in Smalands H\u00f6glandet and in the archipelago of Oskarshamn. <\/span><span title=\"In dieser Region hab ihr die verschiedensten M\u00f6glichkeiten zu angeln, auf Raubfisch (Hecht, Barsch, Zander) genauso wie auf Friedfische.\">In this region you have a variety of opportunities to fish, on predatory fish (pike, perch, pike-perch) as well as on Fried fish. <\/span><span title=\"In der Umgebung gibt es auch excellente M\u00f6glichkeiten f\u00fcrs Fliegenfischen. \">In the area there are also excellent opportunities for fly fishing.<\/span><\/span><\/p>\n<h2><span id=\"result_box\" class=\"\" lang=\"en\"><span title=\"In der Umgebung gibt es auch excellente M\u00f6glichkeiten f\u00fcrs Fliegenfischen. \"><br \/>\n<\/span><span title=\"Wie sieht es mit Angelbooten und Angelguides aus? \">What about fishing boats and fishing guides?<\/span><\/span><\/h2>\n<p><span id=\"result_box\" class=\"\" lang=\"en\"><span title=\"F\u00fcr Smalandreisen arbeiten 2 Angelguides, Mikael und Dirk.\">For Smalandreisen work 2 fishing guides, Mikael and Dirk. <\/span><span title=\"Sie beherschen die Region, alle n\u00f6tigen Angeltechniken und kenne die Tricks um an dei Fische zu kommen.\">They master the region, all the necessary fishing techniques and know the tricks to get at the fish. <\/span><span title=\"F\u00fcr weitere Details zu diesen Angelguides, klickt bitte weiter unten auf die Links. \">For more details on these fishing guides, please click on the links below.<\/span><\/span><\/p>\n<p><span title=\"Es gibt nat\u00fcrlich auch die M\u00f6glichkeit Angelboote zu mieten.\">Of course there is also the possibility to rent fishing boats. <\/span><span title=\"Dies wird von Gabi und Otto gerne f\u00fcr ihre G\u00e4ste organisiert, der Anbieter ist aber ein externes Unternehmen. \">This is organized by Gabi and Otto for their guests, but the provider is an external company.<\/span><\/p>\n<p><span id=\"result_box\" class=\"\" lang=\"en\"><span title=\"Dies wird von Gabi und Otto gerne f\u00fcr ihre G\u00e4ste organisiert, der Anbieter ist aber ein externes Unternehmen. \"><br \/>\n<\/span><span title=\"Alle weiteren Infos finden sie unter dem Tab \u201d Zus\u00e4tzliche Informationen\u201d. \">All further information can be found under the tab &#8220;Additional Information&#8221;.<\/span><\/span><\/p>\n<p><span id=\"result_box\" class=\"\" lang=\"en\"><span title=\"Alle weiteren Infos finden sie unter dem Tab \u201d Zus\u00e4tzliche Informationen\u201d. \"><br \/>\n<\/span><span title=\"Hier geht\u00b4s zum Guide Dirk Brichzi. \"><a href=\"http:\/\/guiderino.com\/produkt\/dirk-brichzi-angelguide\/\">Click here for the guide Dirk Brichzi.<\/a><br \/>\n<\/span><span title=\"Hier geht\u00b4s zum Guide Mikael Eriksson. \"><a href=\"http:\/\/guiderino.com\/produkt\/mikael-eriksson-angelguide\/\">Click here for the guide Mikael Eriksson.<\/a><br \/>\n<\/span><a href=\"https:\/\/www.smalandreisen.de\/\" target=\"_blank\" rel=\"noopener\"><span title=\"Hier geht\u00b4s zur Homepage des Anbieters.\">Click here for the homepage of the provider.<\/span><\/a><\/span><\/p>\n","protected":false},"excerpt":{"rendered":"<p>Smalandreisen Fishing Trips To the beginning a few background information to Smalandreisen fishing vacation. Smalandreisen is a small family run business. With Gabi and Otto Seitz you are in the best hands. Their motto &#8220;They come to Smaland as friends and not as customers with a booking number&#8221; is also lived by them. You can [&hellip;]<\/p>\n","protected":false},"featured_media":7320,"comment_status":"open","ping_status":"closed","template":"","meta":{"_monsterinsights_skip_tracking":false,"_monsterinsights_sitenote_active":false,"_monsterinsights_sitenote_note":"","_monsterinsights_sitenote_category":0},"product_brand":[],"product_cat":[796],"product_tag":[],"class_list":{"0":"post-6580","1":"product","2":"type-product","3":"status-publish","4":"has-post-thumbnail","6":"product_cat-fishing-trips","7":"pa_angelboot-fishing-boat-available","8":"pa_angeltechniken-ansitz-fishing-en","9":"pa_angeltechniken-feedern-fishing","10":"pa_angeltechniken-fly-fishing","11":"pa_angeltechniken-jerken-en","12":"pa_angeltechniken-jigging","13":"pa_angeltechniken-kayak-fishing","14":"pa_angeltechniken-non-predatory-fishing-tec","15":"pa_angeltechniken-spin-fishing","16":"pa_angeltechniken-topwater-fishing","17":"pa_angeltechniken-trolling","18":"pa_angeltechniken-vertical-pelagic","19":"pa_fischart-cisco","20":"pa_fischart-non-predatory-fish","21":"pa_fischart-perch-en","22":"pa_fischart-pike-en","23":"pa_fischart-pike-perch-en","24":"pa_fischart-trout","25":"pa_gewaesser-kalvsjoen-en","26":"pa_gewaesser-ruskensee-en","27":"pa_gewaesser-skaersjoen-en","28":"pa_gewaesser-vrigstadsan-en","29":"pa_land-sweden","30":"pa_sprache-english","31":"pa_sprache-german","33":"first","34":"instock","35":"virtual","36":"product-type-simple"},"yoast_head":"<!-- This site is optimized with the Yoast SEO plugin v27.4 - https:\/\/yoast.com\/product\/yoast-seo-wordpress\/ -->\n<title>Smalandreisen Fishing Trips | Infos | Reviews | Booking<\/title>\n<meta name=\"description\" content=\"All INFOS summed up for Fishing Trips and Fishing Guides! Read all reviews about Smalandreisen Fishing Trips. Furthermore, you can search and write reviews about your experiences and adventures you had in your Fishing Holiday. Find or rate your Fishing Trips or Fishing Guide now!\" \/>\n<meta name=\"robots\" content=\"index, follow, max-snippet:-1, max-image-preview:large, max-video-preview:-1\" \/>\n<link rel=\"canonical\" href=\"https:\/\/guiderino.com\/en\/produkt\/smalandreisen-fishing-trips\/\" \/>\n<meta property=\"og:locale\" content=\"en_US\" \/>\n<meta property=\"og:type\" content=\"article\" \/>\n<meta property=\"og:title\" content=\"Smalandreisen Fishing Trips | Infos | Reviews | Booking\" \/>\n<meta property=\"og:description\" content=\"All INFOS summed up for Fishing Trips and Fishing Guides! Read all reviews about Smalandreisen Fishing Trips. Furthermore, you can search and write reviews about your experiences and adventures you had in your Fishing Holiday. Find or rate your Fishing Trips or Fishing Guide now!\" \/>\n<meta property=\"og:url\" content=\"https:\/\/guiderino.com\/en\/produkt\/smalandreisen-fishing-trips\/\" \/>\n<meta property=\"og:site_name\" content=\"Angelabenteuer nach Mass!\" \/>\n<meta property=\"article:modified_time\" content=\"2018-12-15T07:54:12+00:00\" \/>\n<meta property=\"og:image\" content=\"https:\/\/guiderino.com\/wp-content\/uploads\/2017\/12\/Logo-Favicon.jpg\" \/>\n\t<meta property=\"og:image:width\" content=\"934\" \/>\n\t<meta property=\"og:image:height\" content=\"701\" \/>\n\t<meta property=\"og:image:type\" content=\"image\/jpeg\" \/>\n<meta name=\"twitter:card\" content=\"summary_large_image\" \/>\n<meta name=\"twitter:label1\" content=\"Est. reading time\" \/>\n\t<meta name=\"twitter:data1\" content=\"1 minute\" \/>\n<script type=\"application\/ld+json\" class=\"yoast-schema-graph\">{\"@context\":\"https:\\\/\\\/schema.org\",\"@graph\":[{\"@type\":\"WebPage\",\"@id\":\"https:\\\/\\\/guiderino.com\\\/en\\\/produkt\\\/smalandreisen-fishing-trips\\\/\",\"url\":\"https:\\\/\\\/guiderino.com\\\/en\\\/produkt\\\/smalandreisen-fishing-trips\\\/\",\"name\":\"Smalandreisen Fishing Trips | Infos | Reviews | Booking\",\"isPartOf\":{\"@id\":\"https:\\\/\\\/guiderino.com\\\/#website\"},\"primaryImageOfPage\":{\"@id\":\"https:\\\/\\\/guiderino.com\\\/en\\\/produkt\\\/smalandreisen-fishing-trips\\\/#primaryimage\"},\"image\":{\"@id\":\"https:\\\/\\\/guiderino.com\\\/en\\\/produkt\\\/smalandreisen-fishing-trips\\\/#primaryimage\"},\"thumbnailUrl\":\"https:\\\/\\\/guiderino.com\\\/wp-content\\\/uploads\\\/2017\\\/12\\\/Logo-Favicon.jpg\",\"datePublished\":\"2017-08-28T18:29:11+00:00\",\"dateModified\":\"2018-12-15T07:54:12+00:00\",\"description\":\"All INFOS summed up for Fishing Trips and Fishing Guides! Read all reviews about Smalandreisen Fishing Trips. Furthermore, you can search and write reviews about your experiences and adventures you had in your Fishing Holiday. Find or rate your Fishing Trips or Fishing Guide now!\",\"breadcrumb\":{\"@id\":\"https:\\\/\\\/guiderino.com\\\/en\\\/produkt\\\/smalandreisen-fishing-trips\\\/#breadcrumb\"},\"inLanguage\":\"en-US\",\"potentialAction\":[{\"@type\":\"ReadAction\",\"target\":[\"https:\\\/\\\/guiderino.com\\\/en\\\/produkt\\\/smalandreisen-fishing-trips\\\/\"]}]},{\"@type\":\"ImageObject\",\"inLanguage\":\"en-US\",\"@id\":\"https:\\\/\\\/guiderino.com\\\/en\\\/produkt\\\/smalandreisen-fishing-trips\\\/#primaryimage\",\"url\":\"https:\\\/\\\/guiderino.com\\\/wp-content\\\/uploads\\\/2017\\\/12\\\/Logo-Favicon.jpg\",\"contentUrl\":\"https:\\\/\\\/guiderino.com\\\/wp-content\\\/uploads\\\/2017\\\/12\\\/Logo-Favicon.jpg\",\"width\":934,\"height\":701},{\"@type\":\"BreadcrumbList\",\"@id\":\"https:\\\/\\\/guiderino.com\\\/en\\\/produkt\\\/smalandreisen-fishing-trips\\\/#breadcrumb\",\"itemListElement\":[{\"@type\":\"ListItem\",\"position\":1,\"name\":\"Startseite\",\"item\":\"https:\\\/\\\/guiderino.com\\\/en\\\/\"},{\"@type\":\"ListItem\",\"position\":2,\"name\":\"Filter Suche\",\"item\":\"https:\\\/\\\/guiderino.com\\\/angelguide-suchen-mit-filtersuche\\\/\"},{\"@type\":\"ListItem\",\"position\":3,\"name\":\"Smalandreisen | Fishing Trip\"}]},{\"@type\":\"WebSite\",\"@id\":\"https:\\\/\\\/guiderino.com\\\/#website\",\"url\":\"https:\\\/\\\/guiderino.com\\\/\",\"name\":\"Angelabenteuer nach Mass!\",\"description\":\"Nicht suchen, FINDEN!\",\"potentialAction\":[{\"@type\":\"SearchAction\",\"target\":{\"@type\":\"EntryPoint\",\"urlTemplate\":\"https:\\\/\\\/guiderino.com\\\/?s={search_term_string}\"},\"query-input\":{\"@type\":\"PropertyValueSpecification\",\"valueRequired\":true,\"valueName\":\"search_term_string\"}}],\"inLanguage\":\"en-US\"}]}<\/script>\n<!-- \/ Yoast SEO plugin. -->","yoast_head_json":{"title":"Smalandreisen Fishing Trips | Infos | Reviews | Booking","description":"All INFOS summed up for Fishing Trips and Fishing Guides! Read all reviews about Smalandreisen Fishing Trips. Furthermore, you can search and write reviews about your experiences and adventures you had in your Fishing Holiday. Find or rate your Fishing Trips or Fishing Guide now!","robots":{"index":"index","follow":"follow","max-snippet":"max-snippet:-1","max-image-preview":"max-image-preview:large","max-video-preview":"max-video-preview:-1"},"canonical":"https:\/\/guiderino.com\/en\/produkt\/smalandreisen-fishing-trips\/","og_locale":"en_US","og_type":"article","og_title":"Smalandreisen Fishing Trips | Infos | Reviews | Booking","og_description":"All INFOS summed up for Fishing Trips and Fishing Guides! Read all reviews about Smalandreisen Fishing Trips. Furthermore, you can search and write reviews about your experiences and adventures you had in your Fishing Holiday. Find or rate your Fishing Trips or Fishing Guide now!","og_url":"https:\/\/guiderino.com\/en\/produkt\/smalandreisen-fishing-trips\/","og_site_name":"Angelabenteuer nach Mass!","article_modified_time":"2018-12-15T07:54:12+00:00","og_image":[{"width":934,"height":701,"url":"https:\/\/guiderino.com\/wp-content\/uploads\/2017\/12\/Logo-Favicon.jpg","type":"image\/jpeg"}],"twitter_card":"summary_large_image","twitter_misc":{"Est. reading time":"1 minute"},"schema":{"@context":"https:\/\/schema.org","@graph":[{"@type":"WebPage","@id":"https:\/\/guiderino.com\/en\/produkt\/smalandreisen-fishing-trips\/","url":"https:\/\/guiderino.com\/en\/produkt\/smalandreisen-fishing-trips\/","name":"Smalandreisen Fishing Trips | Infos | Reviews | Booking","isPartOf":{"@id":"https:\/\/guiderino.com\/#website"},"primaryImageOfPage":{"@id":"https:\/\/guiderino.com\/en\/produkt\/smalandreisen-fishing-trips\/#primaryimage"},"image":{"@id":"https:\/\/guiderino.com\/en\/produkt\/smalandreisen-fishing-trips\/#primaryimage"},"thumbnailUrl":"https:\/\/guiderino.com\/wp-content\/uploads\/2017\/12\/Logo-Favicon.jpg","datePublished":"2017-08-28T18:29:11+00:00","dateModified":"2018-12-15T07:54:12+00:00","description":"All INFOS summed up for Fishing Trips and Fishing Guides! Read all reviews about Smalandreisen Fishing Trips. Furthermore, you can search and write reviews about your experiences and adventures you had in your Fishing Holiday. Find or rate your Fishing Trips or Fishing Guide now!","breadcrumb":{"@id":"https:\/\/guiderino.com\/en\/produkt\/smalandreisen-fishing-trips\/#breadcrumb"},"inLanguage":"en-US","potentialAction":[{"@type":"ReadAction","target":["https:\/\/guiderino.com\/en\/produkt\/smalandreisen-fishing-trips\/"]}]},{"@type":"ImageObject","inLanguage":"en-US","@id":"https:\/\/guiderino.com\/en\/produkt\/smalandreisen-fishing-trips\/#primaryimage","url":"https:\/\/guiderino.com\/wp-content\/uploads\/2017\/12\/Logo-Favicon.jpg","contentUrl":"https:\/\/guiderino.com\/wp-content\/uploads\/2017\/12\/Logo-Favicon.jpg","width":934,"height":701},{"@type":"BreadcrumbList","@id":"https:\/\/guiderino.com\/en\/produkt\/smalandreisen-fishing-trips\/#breadcrumb","itemListElement":[{"@type":"ListItem","position":1,"name":"Startseite","item":"https:\/\/guiderino.com\/en\/"},{"@type":"ListItem","position":2,"name":"Filter Suche","item":"https:\/\/guiderino.com\/angelguide-suchen-mit-filtersuche\/"},{"@type":"ListItem","position":3,"name":"Smalandreisen | Fishing Trip"}]},{"@type":"WebSite","@id":"https:\/\/guiderino.com\/#website","url":"https:\/\/guiderino.com\/","name":"Angelabenteuer nach Mass!","description":"Nicht suchen, FINDEN!","potentialAction":[{"@type":"SearchAction","target":{"@type":"EntryPoint","urlTemplate":"https:\/\/guiderino.com\/?s={search_term_string}"},"query-input":{"@type":"PropertyValueSpecification","valueRequired":true,"valueName":"search_term_string"}}],"inLanguage":"en-US"}]}},"_links":{"self":[{"href":"https:\/\/guiderino.com\/en\/wp-json\/wp\/v2\/product\/6580\/"}],"collection":[{"href":"https:\/\/guiderino.com\/en\/wp-json\/wp\/v2\/product\/"}],"about":[{"href":"https:\/\/guiderino.com\/en\/wp-json\/wp\/v2\/types\/product\/"}],"replies":[{"embeddable":true,"href":"https:\/\/guiderino.com\/en\/wp-json\/wp\/v2\/comments\/?post=6580"}],"wp:featuredmedia":[{"embeddable":true,"href":"https:\/\/guiderino.com\/en\/wp-json\/wp\/v2\/media\/7320\/"}],"wp:attachment":[{"href":"https:\/\/guiderino.com\/en\/wp-json\/wp\/v2\/media\/?parent=6580"}],"wp:term":[{"taxonomy":"product_brand","embeddable":true,"href":"https:\/\/guiderino.com\/en\/wp-json\/wp\/v2\/product_brand\/?post=6580"},{"taxonomy":"product_cat","embeddable":true,"href":"https:\/\/guiderino.com\/en\/wp-json\/wp\/v2\/product_cat\/?post=6580"},{"taxonomy":"product_tag","embeddable":true,"href":"https:\/\/guiderino.com\/en\/wp-json\/wp\/v2\/product_tag\/?post=6580"}],"curies":[{"name":"wp","href":"https:\/\/api.w.org\/{rel}","templated":true}]}}